{"id":347,"date":"2017-11-23T13:26:27","date_gmt":"2017-11-23T12:26:27","guid":{"rendered":"https:\/\/cabellostore.com\/blog\/?page_id=1906"},"modified":"2025-04-13T21:01:57","modified_gmt":"2025-04-13T19:01:57","slug":"extensiones-de-cabello-liso-100-natural","status":"publish","type":"page","link":"https:\/\/cabellostore.com\/blog\/extensiones-de-cabello-liso-100-natural\/","title":{"rendered":"Extensiones de Cabello Liso 100% Natural"},"content":{"rendered":"<h2>El uso de extensiones de\u00a0cabello liso 100% natural se\u00a0ha convertido en una tendencia muy popular entre las mujeres \u00bfsabes por qu\u00e9? Descubre aqu\u00ed las razones&#8230;<\/h2>\n<p>Las extensiones de\u00a0cabello liso 100% natural tienen cada vez mas adeptas, convirti\u00e9ndose en una soluci\u00f3n ideal para lucir un pelo m\u00e1s largo y voluminoso.<\/p>\n<p>Tambi\u00e9n te permiten atreverte con peinados que ser\u00edan imposibles\u00a0con\u00a0la longitud de tu propio pelo.<\/p>\n<p>El resultado natural y voluminoso que proporcionan las las extensiones las convierten en un complemento\u00a0ideal para tu cabello, d\u00e1ndote ese look ideal.<\/p>\n<h3>El origen de las extensiones de cabello liso\u00a0100% natural<\/h3>\n<p>Aunque es ahora cuando las extensiones est\u00e1n experimentando su punto m\u00e1s \u00e1lgido, su origen se remonta al a\u00f1o 3.400 A.C. cuando los egipcios ya usaban dichas extensiones y pelucas.<\/p>\n<p>A lo largo de los siglos siguieron us\u00e1ndose aunque no ser\u00eda ya hasta el siglo XX cuando empezaran ya estar m\u00e1s accesibles para todos los p\u00fablicos.<\/p>\n<p>Se empiezan a usar nuevos materiales sint\u00e9ticos para su elaboraci\u00f3n y otras t\u00e9cnicas de colocaci\u00f3n como las extensiones de clip, que aparecen en los a\u00f1os 90.<\/p>\n<p>Hoy en d\u00eda las extensiones son m\u00e1s c\u00f3modas y m\u00e1s econ\u00f3micas, ofrecen muchas m\u00e1s alternativas y por eso est\u00e1n tan de moda.<\/p>\n<figure id=\"attachment_1881\" aria-describedby=\"caption-attachment-1881\" style=\"width: 500px\" class=\"wp-caption alignnone\"><a href=\"https:\/\/www.facebook.com\/cabellostore\/\"><img loading=\"lazy\" decoding=\"async\" class=\"size-full wp-image-1881\" src=\"https:\/\/cabellostore.com\/blog\/wp-content\/uploads\/2017\/11\/extensiones-origen-egipto.jpg\" alt=\"extensiones-cabello-egipto\" width=\"500\" height=\"374\" \/><\/a><figcaption id=\"caption-attachment-1881\" class=\"wp-caption-text\">Extensiones de pelo Egipto<\/figcaption><\/figure>\n<h3>Tipos de extensiones de cabello liso<\/h3>\n<p>Como dec\u00edamos, la llegada del siglo XX supuso la aparici\u00f3n de las extensiones de pelo elaboradas con materiales sint\u00e9ticos.<\/p>\n<p>Por supuesto estas extensiones, m\u00e1s econ\u00f3micas, no pueden competir en aspecto natural y en calidad con las extensiones de pelo natural.<\/p>\n<p>Fundamentalmente podemos encontrar hoy en d\u00eda 3 tipos de extensiones:<\/p>\n<ol>\n<li>Extensiones de\u00a0pelo sint\u00e9tico: Est\u00e1n fabricadas por la mano del hombre, con materiales 100% sint\u00e9ticos.<\/li>\n<li>Extensiones de\u00a0pelo humano standar: Contienen cabello natural en el porcentaje m\u00e1s importante, pero de diferente origen y que adem\u00e1s suele mezclarse tambi\u00e9n con cabello sint\u00e9tico.<\/li>\n<li>Extensiones de cabello liso 100% natural Remy: Pelo humano 100% natural que proviene de una sola cabeza y cortado de una sola pieza, por lo que las cut\u00edculas van en la misma direcci\u00f3n.<\/li>\n<\/ol>\n<p>En <a href=\"http:\/\/cabellostore.com\/\" target=\"_blank\" rel=\"noopener noreferrer\">Cabello Store <\/a>apostamos por las exensiones de cabello liso Remy, las mas naturales y de mejor calidad del mercado.<\/p>\n<figure id=\"attachment_1882\" aria-describedby=\"caption-attachment-1882\" style=\"width: 625px\" class=\"wp-caption alignnone\"><a href=\"http:\/\/cabellostore.com\/\"><img loading=\"lazy\" decoding=\"async\" class=\"size-large wp-image-1882\" src=\"https:\/\/cabellostore.com\/blog\/wp-content\/uploads\/2017\/11\/que-no-te-tomen-pelo-1024x768.jpg\" alt=\"exteniones-pelo-remy\" width=\"625\" height=\"469\" \/><\/a><figcaption id=\"caption-attachment-1882\" class=\"wp-caption-text\">Extensiones de cabello liso\u00a0 100% natural Remy<\/figcaption><\/figure>\n<h3>Extensiones de cabello adaptadas a t\u00ed<\/h3>\n<p>En Cabello Store ofrecemos extensiones \u00fanicamente de pelo 100% natural y humano, de tipo Remy y\u00a0en 4 modalidades para que se adapten a lo que tu necesitas:<\/p>\n<ul>\n<li>Extensiones de cabello liso\u00a0100% natural natural<\/li>\n<li>Extensiones de\u00a0cabello natural\u00a0ondulado<\/li>\n<li>Extensiones de pelo natural semi-rizado<\/li>\n<li>Extensiones de\u00a0cabello natural\u00a0rizado<\/li>\n<\/ul>\n<p>Ya sean extensiones de cabello liso 100% natural, ondulado, semi-rizado o rizado las vendemos en paquetes de 100 gramos.<\/p>\n<p>Luego puedes elelgir entre diferentes longitudes: de 40 cm (16 pulgadas) a 75 cm (30 pulgadas).<\/p>\n<p>Cabello humano virgen, que no\u00a0ha sido\u00a0sometido a ning\u00fan tratamiento qu\u00edmico y que presenta la cut\u00edcula intacta para un aspecto muy natural.<\/p>\n<p>Elige tus extensiones de cabello liso 100% natural Remy y en 24 horas las tendr\u00e1s en tu domicilio y con env\u00edo gratuito.<\/p>\n<figure id=\"attachment_1907\" aria-describedby=\"caption-attachment-1907\" style=\"width: 600px\" class=\"wp-caption alignnone\"><img loading=\"lazy\" decoding=\"async\" class=\"size-full wp-image-1907\" src=\"https:\/\/cabellostore.com\/blog\/wp-content\/uploads\/2017\/11\/Liso-Face-4.jpg\" alt=\"extensiones-pelo-liso\" width=\"600\" height=\"600\" \/><figcaption id=\"caption-attachment-1907\" class=\"wp-caption-text\">Extensiones de cabello liso 100% natural<\/figcaption><\/figure>\n<h3>Ventajas de las extensiones de pelo<\/h3>\n<p>Puede que tengas dudas y no te decidas a utilizar extensiones de cabello liso o s\u00ed que est\u00e9s decidida pero no sabes si elegir entre las extensiones Remy\u00a0u otras.<\/p>\n<p>Para ayudarte en tu decisi\u00f3n te damos una serie de ventajas que presentan las extensiones de pelo natural Remy:<\/p>\n<ul>\n<li>La m\u00e1s obvia e impl\u00edcita en su propio nombre, es que proporcionan una mayor longitud a tu pelo.<\/li>\n<li>Aparte de\u00a0proporcionar un pelo m\u00e1s largo, con las extensiones consigues que tu cabello tenga un aspecto m\u00e1s voluminoso.<\/li>\n<li>Te ayudan a disimular y corregir posibles problemas de p\u00e9rdida de pelo, muy frecuente y con muy diversos or\u00edgenes.<\/li>\n<li>Te permite conseguir peinados que con tu propio pelo natural ser\u00edan imposibles.<\/li>\n<li>Te ofrecen looks muy naturales y para momentos espec\u00edficos sin tener que llevar pelo largo en tu d\u00eda a d\u00eda.<\/li>\n<li>Su durabilidad es realmente destacada, por lo que amortizas su coste.<\/li>\n<li>Aspecto mu natural y que no se enreda f\u00e1cilmente.<\/li>\n<li>Puedes tratarlas como tu propio pelo y lavarlas, te\u00f1irlas y peinarlas a tu gusto.<\/li>\n<\/ul>\n<figure id=\"attachment_1884\" aria-describedby=\"caption-attachment-1884\" style=\"width: 433px\" class=\"wp-caption alignnone\"><a href=\"https:\/\/cabellostore.com\/blog\/ventajas-las-extensiones-cabello-calidad-remy\/\"><img loading=\"lazy\" decoding=\"async\" class=\"wp-image-1884\" src=\"https:\/\/cabellostore.com\/blog\/wp-content\/uploads\/2017\/11\/ventajas-extensiones.jpg\" alt=\"extensiones-pelo-ventajas\" width=\"433\" height=\"650\" \/><\/a><figcaption id=\"caption-attachment-1884\" class=\"wp-caption-text\">Ventajas extensiones de cabello liso\u00a0100% natural Remy<\/figcaption><\/figure>\n<p>\u00bfA\u00fan tienes dudas? Las extensiones de pelo natural Remy con la mejor relaci\u00f3n calidad-precio del mercado las tienes en Cabello Store<\/p>\n<p>\u00a1No lo pienses m\u00e1s!<\/p>\n<p>&nbsp;<\/p>\n<p style=\"text-align: center;\"><iframe loading=\"lazy\" title=\"CabelloStore\" src=\"https:\/\/www.youtube.com\/embed\/hV6mevKXsCU\" width=\"464\" height=\"825\" frameborder=\"0\" allowfullscreen=\"allowfullscreen\" data-mce-fragment=\"1\"><\/iframe><\/p>\n<p>&nbsp;<\/p>\n<p style=\"text-align: center;\"><a href=\"https:\/\/cabellostore.com\"><img loading=\"lazy\" decoding=\"async\" class=\"alignnone size-medium wp-image-304\" src=\"https:\/\/cabellostore.com\/blog\/wp-content\/uploads\/2018\/02\/COMPRALO-AHORA-300x92.png\" alt=\"\" width=\"300\" height=\"92\" srcset=\"https:\/\/cabellostore.com\/blog\/wp-content\/uploads\/2018\/02\/COMPRALO-AHORA-300x92.png 300w, https:\/\/cabellostore.com\/blog\/wp-content\/uploads\/2018\/02\/COMPRALO-AHORA.png 500w\" sizes=\"auto, (max-width: 300px) 100vw, 300px\" \/><\/a><\/p>\n","protected":false},"excerpt":{"rendered":"<p>El uso de extensiones de\u00a0cabello liso 100% natural se\u00a0ha convertido en una tendencia muy popular entre las mujeres \u00bfsabes por&hellip;<\/p>\n","protected":false},"author":1,"featured_media":0,"parent":0,"menu_order":0,"comment_status":"closed","ping_status":"closed","template":"","meta":{"_monsterinsights_skip_tracking":false,"_monsterinsights_sitenote_active":false,"_monsterinsights_sitenote_note":"","_monsterinsights_sitenote_category":0,"_uf_show_specific_survey":0,"_uf_disable_surveys":false,"footnotes":""},"class_list":["post-347","page","type-page","status-publish","hentry"],"aioseo_notices":[],"jetpack_sharing_enabled":true,"_links":{"self":[{"href":"https:\/\/cabellostore.com\/blog\/wp-json\/wp\/v2\/pages\/347","targetHints":{"allow":["GET"]}}],"collection":[{"href":"https:\/\/cabellostore.com\/blog\/wp-json\/wp\/v2\/pages"}],"about":[{"href":"https:\/\/cabellostore.com\/blog\/wp-json\/wp\/v2\/types\/page"}],"author":[{"embeddable":true,"href":"https:\/\/cabellostore.com\/blog\/wp-json\/wp\/v2\/users\/1"}],"replies":[{"embeddable":true,"href":"https:\/\/cabellostore.com\/blog\/wp-json\/wp\/v2\/comments?post=347"}],"version-history":[{"count":2,"href":"https:\/\/cabellostore.com\/blog\/wp-json\/wp\/v2\/pages\/347\/revisions"}],"predecessor-version":[{"id":674,"href":"https:\/\/cabellostore.com\/blog\/wp-json\/wp\/v2\/pages\/347\/revisions\/674"}],"wp:attachment":[{"href":"https:\/\/cabellostore.com\/blog\/wp-json\/wp\/v2\/media?parent=347"}],"curies":[{"name":"wp","href":"https:\/\/api.w.org\/{rel}","templated":true}]}}