{"id":429,"date":"2017-10-25T11:53:45","date_gmt":"2017-10-25T09:53:45","guid":{"rendered":"https:\/\/cabellostore.com\/blog\/?page_id=1847"},"modified":"2025-03-26T08:33:39","modified_gmt":"2025-03-26T07:33:39","slug":"extensiones-sevilla","status":"publish","type":"page","link":"https:\/\/cabellostore.com\/blog\/extensiones-sevilla\/","title":{"rendered":"Extensiones Sevilla"},"content":{"rendered":"<h1>\u00a0<span style=\"color: #41868f;\">Extensiones Sevilla<\/span><span style=\"color: #41868f;\">\u00a0<\/span><span style=\"color: #41868f;\">de pelo natural al MEJOR PRECIO<\/span><\/h1>\n<h2>Venta de extensiones Sevilla pelo natural, env\u00edos a Sevilla de la m\u00e1xima calidad, cabello natural 100% al mejor precio.<\/h2>\n<h4>Calidad REMY.<\/h4>\n<p>La mejor relaci\u00f3n calidad-precio en extensiones Sevilla la encuentras en <a href=\"http:\/\/cabellostore.com\/\">CabelloStore<\/a><\/p>\n<p>Compra nuestras extensiones de pelo en nuestra web\u00a0y recibe tu pedido de cabello c\u00f3modamente en casa. A trav\u00e9s de nuestra tienda online de extensiones de pelo natural <a href=\"http:\/\/cabellostore.com\/\">(enviamos a todo el mundo).<\/a><\/p>\n<h2>Extensiones Sevilla<\/h2>\n<p>Solo tenemos a la venta extensiones de pelo natural de cortina, de pelo natural, pelo virgen indio, pelo virgen brasile\u00f1o y extensiones para coletas son 100%<\/p>\n<figure id=\"attachment_816\" aria-describedby=\"caption-attachment-816\" style=\"width: 300px\" class=\"wp-caption alignright\"><a href=\"https:\/\/cabellostore.com\/blog\/wp-content\/uploads\/2015\/07\/Venta-de-extensiones-online-Ondulado-CabelloStore.jpg\"><img loading=\"lazy\" decoding=\"async\" class=\"wp-image-816 size-medium\" title=\"Extensiones Guip\u00fazcoa\" src=\"https:\/\/cabellostore.com\/blog\/wp-content\/uploads\/2015\/07\/Venta-de-extensiones-online-Ondulado-CabelloStore-300x300.jpg\" alt=\"Extensiones Castell\u00f3n Onduladas CabelloStore \" width=\"300\" height=\"300\" \/><\/a><figcaption id=\"caption-attachment-816\" class=\"wp-caption-text\">Extensiones Onduladas Extensiones Sevilla &#8211; CabelloStore<\/figcaption><\/figure>\n<p>&nbsp;<\/p>\n<p>naturales, calidad REMY. Este es el sistema de m\u00e1s alta calidad de extensiones de pelo natural. Ya que en el proceso de fabricaci\u00f3n se respeta la direcci\u00f3n natural de la cut\u00edcula de cada cabello por lo que el conjunto del pelo es unidireccional evitando as\u00ed enredos.<\/p>\n<p>Adem\u00e1s se consigue una mayor durabilidad del cabello natural que no son elaboradas con el sistema REMY. Al tratarse de pelo natural se puede ondular, rizar, alisar, planchar, echar gominas, difusores, te\u00f1ir, etc., no obstante, se recomienda que para te\u00f1ir siempre sea de m\u00e1s claro a m\u00e1s oscuro, nunca a m\u00e1s claro (decolorar).<\/p>\n<p>No lo dudes y entra en la tienda\u00a0a comprar tu\u00a0pelo natural baratas y de calidad, \u00a0pidelas en la tienda online de pelo con mejor relaci\u00f3n calidad-precio del mercado. Aqu\u00ed encontrar\u00e1s el mejor precio de extensiones de pelo natural del mercado.<\/p>\n<p>Tenemos gran variedad de largos, disponibles en stock: Extensiones de cortina.Tambi\u00e9n disponemos de distintas texturas abarcando as\u00ed una ampl\u00eda gama de productos entre las que se encuentras extensiones pelo natural onduladas y extensiones rizadas de pelo natural y extensiones lisas\u00a0de pelo natural.<\/p>\n<figure id=\"attachment_1091\" aria-describedby=\"caption-attachment-1091\" style=\"width: 530px\" class=\"wp-caption aligncenter\"><a href=\"https:\/\/cabellostore.com\/blog\/wp-content\/uploads\/2015\/09\/Pelo-Ondulado-Copiar.jpg\"><img loading=\"lazy\" decoding=\"async\" class=\"wp-image-1091 \" title=\"Pelo Extensiones Gipuzkoa - CabelloStore \" src=\"https:\/\/cabellostore.com\/blog\/wp-content\/uploads\/2015\/09\/Pelo-Ondulado-Copiar-300x111.jpg\" alt=\"Pelo Extensiones Gipuzkoa - CabelloStore \" width=\"530\" height=\"196\" \/><\/a><figcaption id=\"caption-attachment-1091\" class=\"wp-caption-text\">Pelo Extensiones Sevilla &#8211; CabelloStore<\/figcaption><\/figure>\n<h2>Extensiones Sevilla<\/h2>\n<p>Tenemos siempre un gran stock de extensiones de pelo listo para enviar a trav\u00e9s de <a href=\"http:\/\/cabellostore.com\/\">nuestra tienda online de extensiones de pelo,<\/a><br \/>\ncabe destacar la gran cantidad de largos y colores que tenemos en extensiones de pelo con clips, no obstante os animamos a entrar en la tienda online,\u00a0donde podr\u00e9is comparar diferentes cm de largo y ancho adem\u00e1s de ver todos los extensiones.<\/p>\n<p>Mediante nuestra tienda online Extensiones Sevilla de extensiones de cabello natural enviamos a domicilio su pedido a cualquier punto de Espa\u00f1a y del mundo. Ofreciendo as\u00ed un servicio exclusivo de venta de extensiones global. Estamos especializados en cabello 100% natural remy, las extensiones de cortina\u00a0de pelo natural son nuestro producto estrella. Estas extensiones de pelo son las m\u00e1s pr\u00e1cticas y econ\u00f3micas. No obstante nuestro gran stock nos permite ofrecer tambi\u00e9n los mejores precios de extensiones de pelo.<\/p>\n<p>Ya no es tan caro lucir una bonita melena.<\/p>\n<figure id=\"attachment_715\" aria-describedby=\"caption-attachment-715\" style=\"width: 392px\" class=\"wp-caption alignright\"><a href=\"https:\/\/cabellostore.com\/blog\/wp-content\/uploads\/2015\/06\/Antes-y-despues-CabelloStore.jpg\"><img loading=\"lazy\" decoding=\"async\" class=\"wp-image-715\" title=\"Extensiones Guip\u00fazcoa\" src=\"https:\/\/cabellostore.com\/blog\/wp-content\/uploads\/2015\/06\/Antes-y-despues-CabelloStore-300x169.jpg\" alt=\"Antes y despues CabelloStore Extensiones Guip\u00fazcoa\" width=\"392\" height=\"221\" \/><\/a><figcaption id=\"caption-attachment-715\" class=\"wp-caption-text\">Antes y despu\u00e9s CabelloStore. Extensiones Sevilla<\/figcaption><\/figure>\n<p>Extensiones Sevilla de pelo natural BARATAS de alta calidad, ofreciendo as\u00ed la mejor relaci\u00f3n calidad-precio del mercado. 100% PELO NATURAL Cabello<\/p>\n<p>Todo esto es posible gracias a nuestra pol\u00edtica de reducci\u00f3n de costes y m\u00e1rgenes que nos ha llevado a la decisi\u00f3n de ajustar los precios al m\u00e1ximo con el fin de aumentar las ventas Extensiones Sevilla, no tenemos tienda f\u00edsica con lo cual reducimos los costes de alquileres, luz y much\u00edsimos mas gastos que repercutimos directamente a nuestras clientas, ademas preferimos ganar poco en cada venta con el fin de poder aumentar el n\u00famero de dichas ventas y cuanto m\u00e1s vendemos m\u00e1s podemos ajustar nuestros precios.<\/p>\n<p>Esto hace posible que mantengamos las mejores extensiones calidad-precio del mercado. Alta calidad a precios baratos y econ\u00f3micos.<\/p>\n<p><a title=\"Tienda\" href=\"http:\/\/cabellostore.com\"><strong>Entrar en la tienda.<\/strong><\/a><\/p>\n<p>Formas de pago admitidas:<\/p>\n<ul>\n<li>Pay-pal<\/li>\n<li>Contra-reembolso<\/li>\n<li>Trasferencia<\/li>\n<li>Tarjetas de cr\u00e9dito.<\/li>\n<\/ul>\n<p style=\"text-align: center;\"><iframe loading=\"lazy\" title=\"CabelloStore\" src=\"https:\/\/www.youtube.com\/embed\/hV6mevKXsCU\" width=\"464\" height=\"825\" frameborder=\"0\" allowfullscreen=\"allowfullscreen\"><\/iframe><\/p>\n<p>&nbsp;<\/p>\n<p style=\"text-align: center;\"><a href=\"https:\/\/cabellostore.com\"><img loading=\"lazy\" decoding=\"async\" class=\"alignnone size-medium wp-image-304\" src=\"https:\/\/cabellostore.com\/blog\/wp-content\/uploads\/2018\/02\/COMPRALO-AHORA-300x92.png\" alt=\"\" width=\"300\" height=\"92\" srcset=\"https:\/\/cabellostore.com\/blog\/wp-content\/uploads\/2018\/02\/COMPRALO-AHORA-300x92.png 300w, https:\/\/cabellostore.com\/blog\/wp-content\/uploads\/2018\/02\/COMPRALO-AHORA.png 500w\" sizes=\"auto, (max-width: 300px) 100vw, 300px\" \/><\/a><\/p>\n","protected":false},"excerpt":{"rendered":"<p>\u00a0Extensiones Sevilla\u00a0de pelo natural al MEJOR PRECIO Venta de extensiones Sevilla pelo natural, env\u00edos a Sevilla de la m\u00e1xima calidad,&hellip;<\/p>\n","protected":false},"author":1,"featured_media":0,"parent":0,"menu_order":0,"comment_status":"closed","ping_status":"closed","template":"","meta":{"_monsterinsights_skip_tracking":false,"_monsterinsights_sitenote_active":false,"_monsterinsights_sitenote_note":"","_monsterinsights_sitenote_category":0,"_uf_show_specific_survey":0,"_uf_disable_surveys":false,"footnotes":""},"class_list":["post-429","page","type-page","status-publish","hentry"],"aioseo_notices":[],"jetpack_sharing_enabled":true,"_links":{"self":[{"href":"https:\/\/cabellostore.com\/blog\/wp-json\/wp\/v2\/pages\/429","targetHints":{"allow":["GET"]}}],"collection":[{"href":"https:\/\/cabellostore.com\/blog\/wp-json\/wp\/v2\/pages"}],"about":[{"href":"https:\/\/cabellostore.com\/blog\/wp-json\/wp\/v2\/types\/page"}],"author":[{"embeddable":true,"href":"https:\/\/cabellostore.com\/blog\/wp-json\/wp\/v2\/users\/1"}],"replies":[{"embeddable":true,"href":"https:\/\/cabellostore.com\/blog\/wp-json\/wp\/v2\/comments?post=429"}],"version-history":[{"count":2,"href":"https:\/\/cabellostore.com\/blog\/wp-json\/wp\/v2\/pages\/429\/revisions"}],"predecessor-version":[{"id":530,"href":"https:\/\/cabellostore.com\/blog\/wp-json\/wp\/v2\/pages\/429\/revisions\/530"}],"wp:attachment":[{"href":"https:\/\/cabellostore.com\/blog\/wp-json\/wp\/v2\/media?parent=429"}],"curies":[{"name":"wp","href":"https:\/\/api.w.org\/{rel}","templated":true}]}}